{"id":566,"date":"2010-08-23T22:35:17","date_gmt":"2010-08-23T20:35:17","guid":{"rendered":"http:\/\/kp.nu\/?page_id=566"},"modified":"2020-02-19T22:19:58","modified_gmt":"2020-02-19T21:19:58","slug":"inte-i-bibeln","status":"publish","type":"page","link":"http:\/\/kp.nu\/?page_id=566","title":{"rendered":"Inte i Bibeln"},"content":{"rendered":"<p>Popul\u00e4ra f\u00f6rest\u00e4llningar om vad som st\u00e5r i Bibeln har inte alltid st\u00f6d i texten. P\u00e5fallande ofta kommer de fr\u00e5n medeltida v\u00e4ggm\u00e5lningar i gamla kyrkor. Andra kommer fr\u00e5n tales\u00e4tt som lever sitt eget liv.<\/p>\n<h2><span style=\"color: #993300;\">M\u00e5nga tror att det st\u00e5r i Bibeln att&#8230;<\/span><\/h2>\n<p><img loading=\"lazy\" decoding=\"async\" title=\"gud\" src=\"http:\/\/kp.nu\/wp-content\/uploads\/2010\/08\/gud.gif\" alt=\"gud\" width=\"350\" height=\"350\" \/><span style=\"color: #993300;\"><br \/>\n<\/span><\/p>\n<h2><span style=\"color: #993300;\">&#8230;Gud \u00e4r en gammal man med vitt sk\u00e4gg som sitter uppe i himlen och tittar ner p\u00e5 oss.<\/span><\/h2>\n<p><strong><span style=\"color: #ff0000;\">F\u00d6RKLARING<\/span><\/strong> Gud har ju alltid funnits. Och om man tror att Gud \u00e4r en m\u00e4nniska                s\u00e5 \u00e4r han ju v\u00e4ldigt gammal.<br \/>\nMen det st\u00e5r i Bibeln att Gud inte \u00e4r en m\u00e4nniska.                Han \u00e4r n\u00e5t som vi inte ens kan t\u00e4nka oss. Allts\u00e5:                vilken bild vi \u00e4n g\u00f6r av Gud s\u00e5 blir den fel.<br \/>\nAtt han sitter p\u00e5 ett moln beror p\u00e5 att man blandar                ihop Himmelriket (eller Guds rike) med den vanliga bl\u00e5 himlen.<\/p>\n<p><span style=\"color: #ff0000;\"><strong>L\u00c4S SJ\u00c4LV <\/strong><\/span> i Johannesevangeliet kapitel 6 vers 46:<br \/>\n\u201dingen har sett Fadern, utom den som har kommit fr\u00e5n                Gud; han har sett Fadern.\u201d<br \/>\nJohannesevangeliet kapitel 1 vers 18:<br \/>\n\u201dIngen har n\u00e5gonsin sett Gud. Den ende sonen, sj\u00e4lv                gud och alltid n\u00e4ra Fadern, han har f\u00f6rklarat honom f\u00f6r                oss.\u201d<br \/>\nJohannesevangeliet kapitel 4 vers 24:<br \/>\n\u201dGud \u00e4r ande, och de som tillber honom m\u00e5ste tillbe                i ande och sanning.\u201d<\/p>\n<p><img loading=\"lazy\" decoding=\"async\" class=\"alignnone size-full wp-image-577\" title=\"st-per\" src=\"http:\/\/kp.nu\/wp-content\/uploads\/2010\/08\/st-per.gif\" alt=\"st-per\" width=\"350\" height=\"350\" srcset=\"http:\/\/kp.nu\/wp-content\/uploads\/2010\/08\/st-per.gif 350w, http:\/\/kp.nu\/wp-content\/uploads\/2010\/08\/st-per-150x150.gif 150w, http:\/\/kp.nu\/wp-content\/uploads\/2010\/08\/st-per-300x300.gif 300w\" sizes=\"auto, (max-width: 350px) 100vw, 350px\" \/><\/p>\n<h2><span style=\"color: #993300;\"><strong>&#8230;sankte Per vaktar himlens port. Han sl\u00e4pper in dem som varit                sn\u00e4lla och skickar bort de andra.<\/strong><\/span><\/h2>\n<p><strong><span style=\"color: #ff0000;\">F\u00d6RKLARING<\/span><\/strong> Jesus                sa till en som hette Petrus att han skulle f\u00e5 \u201dnycklarna                till himmelriket\u201d. P\u00e5 svenska blev Petrus till Per.                Men vad det betyder \u00e4r inte s\u00e5 l\u00e4tt att r\u00e4kna                ut.<br \/>\nJesus sa att han sj\u00e4lv ska d\u00f6ma m\u00e4nniskorna. Det                ska inte n\u00e5gon \u201dPer\u201d g\u00f6ra.<br \/>\n<span style=\"color: #ff0000;\"><br \/>\n<strong>L\u00c4S SJ\u00c4LV <\/strong><\/span>i Matteusevangeliet                kapitel 16 vers 19:<br \/>\n\u201dJag skall ge dig nycklarna till himmelriket. Allt du binder                p\u00e5 jorden skall vara bundet i himlen, och allt du l\u00f6ser                p\u00e5 jorden skall vara l\u00f6st i himlen.\u201d<br \/>\nApostlag\u00e4rningarna kapitel 17 vers 31:<br \/>\n\u201dhan har fastst\u00e4llt en dag d\u00e5 han skall d\u00f6ma                v\u00e4rlden med r\u00e4ttf\u00e4rdighet genom en man som han i                f\u00f6rv\u00e4g har best\u00e4mt d\u00e4rtill. Det har han bekr\u00e4ftat                f\u00f6r alla m\u00e4nniskor genom att l\u00e5ta honom uppst\u00e5                fr\u00e5n de d\u00f6da.\u201d<\/p>\n<p><img loading=\"lazy\" decoding=\"async\" class=\"alignnone size-full wp-image-600\" title=\"salig-kopiera\" src=\"http:\/\/kp.nu\/wp-content\/uploads\/2010\/08\/salig-kopiera.jpg\" alt=\"salig-kopiera\" width=\"350\" height=\"350\" srcset=\"http:\/\/kp.nu\/wp-content\/uploads\/2010\/08\/salig-kopiera.jpg 350w, http:\/\/kp.nu\/wp-content\/uploads\/2010\/08\/salig-kopiera-150x150.jpg 150w, http:\/\/kp.nu\/wp-content\/uploads\/2010\/08\/salig-kopiera-300x300.jpg 300w\" sizes=\"auto, (max-width: 350px) 100vw, 350px\" \/><\/p>\n<h2><span style=\"color: #993300;\"><strong>&#8230;var                och en blir salig p\u00e5 sin tro. <\/strong><\/span><\/h2>\n<p><strong><span style=\"color: #ff0000;\">F\u00d6RKLARING<\/span><\/strong> Det \u00e4r ett gammalt ordspr\u00e5k som betyder ungef\u00e4r:                Vad man \u00e4n tror p\u00e5 s\u00e5 blir man lycklig.<br \/>\nM\u00e5nga ordspr\u00e5k kommer fr\u00e5n bibeln. Men inte det                h\u00e4r. Tv\u00e4rtom st\u00e5r det m\u00e5nga g\u00e5nger att                inte finns n\u00e5gon annan \u00e4n Jesus som man kan tro p\u00e5.<\/p>\n<p><span style=\"color: #ff0000;\"><strong>L\u00c4S SJ\u00c4LV <\/strong><\/span>till                exempel i Apostlag\u00e4rningarna kapitel 4 vers 12<br \/>\n\u201d Hos ingen annan finns fr\u00e4lsningen, och ingenstans bland                m\u00e4nniskor under himlen finns n\u00e5got annat namn som kan                r\u00e4dda oss.\u201d<\/p>\n<p><img loading=\"lazy\" decoding=\"async\" class=\"alignnone size-full wp-image-598\" title=\"onde\" src=\"http:\/\/kp.nu\/wp-content\/uploads\/2010\/08\/onde.jpg\" alt=\"onde\" width=\"350\" height=\"349\" srcset=\"http:\/\/kp.nu\/wp-content\/uploads\/2010\/08\/onde.jpg 350w, http:\/\/kp.nu\/wp-content\/uploads\/2010\/08\/onde-150x150.jpg 150w, http:\/\/kp.nu\/wp-content\/uploads\/2010\/08\/onde-300x299.jpg 300w\" sizes=\"auto, (max-width: 350px) 100vw, 350px\" \/><strong><br \/>\n<\/strong><\/p>\n<h2><span style=\"color: #993300;\"><strong> &#8230;den                onde \u00e4r ett monster med horn och svans som bor i Helvetet.                D\u00e4r pl\u00e5gar han syndiga m\u00e4nniskor.<\/strong><\/span><\/h2>\n<p><strong><span style=\"color: #ff0000;\">F\u00d6RKLARING<\/span><\/strong> Jesus sa att man inte kan k\u00e4nna igen den onde p\u00e5 utseendet.                Tv\u00e4rtom. Ibland kan han l\u00e5tsas vara en \u201dljusets                \u00e4ngel\u201d. Monster h\u00f6r hemma i sagorna.<br \/>\nJesus sa att helvetet \u00e4r ett f\u00e4ngelse f\u00f6r Dj\u00e4vulen                och hans \u00e4nglar. Det \u00e4r inget st\u00e4lle d\u00e4r han                best\u00e4mmer och m\u00e5r bra.<\/p>\n<p><span style=\"color: #ff0000;\"><strong>L\u00c4S SJ\u00c4LV <\/strong><\/span> i Matteusevangeliet kapitel 25 vers 41:<br \/>\n\u201dG\u00e5 bort fr\u00e5n mig, ni f\u00f6rbannade, till den                eviga eld som v\u00e4ntar dj\u00e4vulen och hans \u00e4nglar.<\/p>\n<p><img loading=\"lazy\" decoding=\"async\" class=\"alignnone size-full wp-image-574\" title=\"jorden\" src=\"http:\/\/kp.nu\/wp-content\/uploads\/2010\/08\/jorden.gif\" alt=\"jorden\" width=\"350\" height=\"350\" srcset=\"http:\/\/kp.nu\/wp-content\/uploads\/2010\/08\/jorden.gif 350w, http:\/\/kp.nu\/wp-content\/uploads\/2010\/08\/jorden-150x150.gif 150w, http:\/\/kp.nu\/wp-content\/uploads\/2010\/08\/jorden-300x300.gif 300w\" sizes=\"auto, (max-width: 350px) 100vw, 350px\" \/><strong><br \/>\n<\/strong><\/p>\n<h2><span style=\"color: #993300;\"><strong> &#8230;jorden                ligger platt mitt i universum, med himlen som en bubbla ovanp\u00e5.<\/strong><\/span><\/h2>\n<p><strong><span style=\"color: #ff0000;\">F\u00d6RKLARING<\/span><\/strong> Det kan bero p\u00e5 att man j\u00e4mf\u00f6r hur olika folk p\u00e5                den tiden trodde att jorden s\u00e5g ut. Sen gissar man att de                som skrivit Bibeln trodde likadant.<br \/>\nVetenskapsm\u00e4n har ocks\u00e5 spritt ut rykten om tron p\u00e5 att jorden \u00e4r platt, trots att det inte finns n\u00e5gra bel\u00e4gg.<br \/>\nI Bibeln n\u00e4mns jorden ibland i dikter och ber\u00e4ttelser.                Men Bibeln f\u00f6rklarar inte hur jorden ser ut och fungerar. Det                m\u00e5ste vi r\u00e4kna ut sj\u00e4lva.<\/p>\n<p><span style=\"color: #ff0000;\"><strong>L\u00c4S SJ\u00c4LV <\/strong><\/span> i s\u00e5ngen Psaltaren 104:<br \/>\n\u201dLova Herren, min sj\u00e4l!<br \/>\nM\u00e4ktig \u00e4r du, Herre, min Gud,<br \/>\ni h\u00f6ghet och h\u00e4rlighet \u00e4r du kl\u00e4dd,<br \/>\ndu sveper dig i ljus som i en mantel.<br \/>\nHimlen har du sp\u00e4nt ut som ett t\u00e4lt,<br \/>\novan skyn har du timrat din sal.<br \/>\nDu g\u00f6r molnen till din vagn<br \/>\noch far p\u00e5 vindens vingar.<br \/>\nDu g\u00f6r vindar till dina s\u00e4ndebud<br \/>\noch eldsl\u00e5gor till dina tj\u00e4nare.<br \/>\nJorden har du st\u00e4llt p\u00e5 stadig grund,<br \/>\nden kan aldrig i evighet rubbas.<br \/>\nUrhavet t\u00e4ckte den som en kl\u00e4dnad,<br \/>\nvattnet stod h\u00f6gt \u00f6ver bergen.<br \/>\nDet flydde f\u00f6r ditt rytande,<br \/>\nn\u00e4r du dundrade tog det till flykten,<br \/>\nuppf\u00f6r bergen, ner i dalarna,<br \/>\noch stannade d\u00e4r du best\u00e4mt.<br \/>\nDu satte en gr\u00e4ns f\u00f6r vattnet:<br \/>\naldrig mer skall det t\u00e4cka jorden&#8230;.\u201d<\/p>\n<p>F\u00f6rsta Moseboken kapitel 1 vers 1:<br \/>\n\u201dI begynnelsen skapade Gud himmel och jord. Jorden var \u00f6de                och tom och en guds-vind svepte fram \u00f6ver vattnet.\u201d<\/p>\n<p><img loading=\"lazy\" decoding=\"async\" class=\"alignnone size-full wp-image-572\" title=\"dod\" src=\"http:\/\/kp.nu\/wp-content\/uploads\/2010\/08\/dod.gif\" alt=\"dod\" width=\"350\" height=\"350\" srcset=\"http:\/\/kp.nu\/wp-content\/uploads\/2010\/08\/dod.gif 350w, http:\/\/kp.nu\/wp-content\/uploads\/2010\/08\/dod-150x150.gif 150w, http:\/\/kp.nu\/wp-content\/uploads\/2010\/08\/dod-300x300.gif 300w\" sizes=\"auto, (max-width: 350px) 100vw, 350px\" \/><\/p>\n<h2><span style=\"color: #993300;\"><strong>&#8230;de som d\u00f6r blir \u00e4nglar. Sen f\u00e5r de spela harpa                i himlen i all evighet. <\/strong><\/span><\/h2>\n<p><strong><span style=\"color: #ff0000;\">F\u00d6RKLARING<\/span><\/strong> Jesus sa att m\u00e4nniskor inte \u00e4r m\u00e4n eller kvinnor                efter d\u00f6den. P\u00e5 det s\u00e4ttet liknar de \u00e4nglarna.<br \/>\nD\u00e4rf\u00f6r tror en del att man blir en \u00e4ngel n\u00e4r                man d\u00f6r.<br \/>\nDet kan ocks\u00e5 bero p\u00e5 att \u00e4nglar bor i himlen.                D\u00e5 kan man t\u00e4nka sig att m\u00e4nniskor som kommer dit                ocks\u00e5 bli \u00e4nglar.<\/p>\n<p><span style=\"color: #ff0000;\"><strong>L\u00c4S SJ\u00c4LV<\/strong><\/span> i Matteusevangeliet kapitel 22 vers 29:<br \/>\n\u201dNi t\u00e4nker fel d\u00e4rf\u00f6r att ni varken kan skriften                eller vet n\u00e5got om Guds makt. Vid uppst\u00e5ndelsen gifter                man sig inte eller blir bortgift, utan alla \u00e4r som \u00e4nglarna                i himlen.\u201d<\/p>\n<p><img loading=\"lazy\" decoding=\"async\" class=\"alignnone size-full wp-image-571\" title=\"anglar\" src=\"http:\/\/kp.nu\/wp-content\/uploads\/2010\/08\/anglar.gif\" alt=\"anglar\" width=\"350\" height=\"350\" srcset=\"http:\/\/kp.nu\/wp-content\/uploads\/2010\/08\/anglar.gif 350w, http:\/\/kp.nu\/wp-content\/uploads\/2010\/08\/anglar-150x150.gif 150w, http:\/\/kp.nu\/wp-content\/uploads\/2010\/08\/anglar-300x300.gif 300w\" sizes=\"auto, (max-width: 350px) 100vw, 350px\" \/><\/p>\n<h2><span style=\"color: #993300;\"><strong>&#8230;\u00e4nglar                \u00e4r vackra varelser med vingar p\u00e5 ryggen, antingen sm\u00e5                feta barn eller kvinnor med l\u00e5ngt, ljust h\u00e5r. <\/strong><\/span><\/h2>\n<p><strong><span style=\"color: #ff0000;\">F\u00d6RKLARING<\/span><\/strong> M\u00e5nga t\u00e4nker sig att det goda \u00e4r vackert och det                onda \u00e4r fult. Och eftersom \u00e4nglar fr\u00e5n Gud b\u00f6r                vara goda t\u00e4nker de sig dem som vackra. Och kvinnor och barn                \u00e4r fina tycker manliga konstn\u00e4rer. D\u00e4rf\u00f6r m\u00e5lade                de dem s\u00e5.<br \/>\nI Bibeln beskrivs \u00e4nglar p\u00e5 olika s\u00e4tt. En vanlig                beskrivning i Nya testamentet \u00e4r att de ser ut som unga m\u00e4n                eller starkt ljus. Jesus sa en g\u00e5ng att det inte finns m\u00e4n                och kvinnor bland \u00e4nglarna.<\/p>\n<p><span style=\"color: #ff0000;\"><strong>L\u00c4S SJ\u00c4LV <\/strong><\/span> i Matteusevangeliet kapitel 22 vers 29:<br \/>\n\u201dNi t\u00e4nker fel d\u00e4rf\u00f6r att ni varken kan skriften                eller vet n\u00e5got om Guds makt. Vid uppst\u00e5ndelsen gifter                man sig inte eller blir bortgift, utan alla \u00e4r som \u00e4nglarna                i himlen.<\/p>\n<p>Matteusevangeliet kapitel 28 vers 2-4:<br \/>\n\u201dHerrens \u00e4ngel steg ner fr\u00e5n himlen och kom och                rullade undan stenen och satte sig p\u00e5 den. Hans utseende var                som blixten och hans kl\u00e4der vita som sn\u00f6. Vakterna skakade                av skr\u00e4ck f\u00f6r honom och blev liggande som d\u00f6da.\u201d<\/p>\n<p><img loading=\"lazy\" decoding=\"async\" class=\"alignnone size-full wp-image-570\" title=\"adam-eva\" src=\"http:\/\/kp.nu\/wp-content\/uploads\/2010\/08\/adam-eva.gif\" alt=\"adam-eva\" width=\"350\" height=\"350\" srcset=\"http:\/\/kp.nu\/wp-content\/uploads\/2010\/08\/adam-eva.gif 350w, http:\/\/kp.nu\/wp-content\/uploads\/2010\/08\/adam-eva-150x150.gif 150w, http:\/\/kp.nu\/wp-content\/uploads\/2010\/08\/adam-eva-300x300.gif 300w\" sizes=\"auto, (max-width: 350px) 100vw, 350px\" \/><span style=\"color: #003399;\"><strong><br \/>\n<\/strong><\/span><\/p>\n<h2><span style=\"color: #993300;\"><strong> &#8230;det                inte fanns sex innan Adam och Eva \u00e5t av \u00e4pplet och \u201dsyndade\u201d. <\/strong><\/span><\/h2>\n<p><strong><span style=\"color: #ff0000;\">F\u00d6RKLARING<\/span><\/strong> Det st\u00e5r inte \u00e4pple utan \u201dfrukt\u201d. N\u00e4r                Adam och Eva \u00e4tit av frukten sk\u00e4mdes de f\u00f6r att de                var nakna och ville g\u00f6mma sig. D\u00e4rf\u00f6r t\u00e4nker                sig en del att de inte hade k\u00f6nsorgan innan.<br \/>\nN\u00e4r Gud hade skapat m\u00e4nniskorna i tr\u00e4dg\u00e5rden                sa han till dem att f\u00f6r\u00f6ka sig \u2013 allts\u00e5 skaffa                barn. Hur skulle de kunna g\u00f6ra det utan sex? Men de sk\u00e4mdes                inte f\u00f6rr\u00e4n de \u00e4tit frukten.<\/p>\n<p><span style=\"color: #ff0000;\"><strong>L\u00c4S SJ\u00c4LV <\/strong><\/span> i F\u00f6rsta Moseboken kapitel 1 vers 27:<br \/>\n\u201dSom man och kvinna skapade han dem. Gud v\u00e4lsignade dem                och sade till dem: \u201dVar fruktsamma och f\u00f6r\u00f6ka er&#8230;\u201d<br \/>\nF\u00f6rsta Moseboken kapitel 2 vers 25:<br \/>\n\u201dB\u00e5de mannen och kvinnan var nakna, och de k\u00e4nde                ingen blygsel inf\u00f6r varandra.<\/p>\n<h2><span style=\"color: #993300;\">Sammanfattning<\/span><\/h2>\n<p><strong><span style=\"color: #ff0000;\">F\u00d6RV\u00c5NAD?<\/span><\/strong> Inget av det h\u00e4r st\u00e5r i n\u00e5gon av Bibelns texter.                \u00c4nd\u00e5 har folk trott det sedan medeltiden, eller kanske                \u00e4nnu l\u00e4ngre.<\/p>\n<p><strong><span style=\"color: #ff0000;\">F\u00d6RKLARING<\/span><\/strong> F\u00f6r                tusen \u00e5r sedan, n\u00e4r folk inte kunde l\u00e4sa tittade                de p\u00e5 bilderna i kyrkan. De som m\u00e5lat dem var bra p\u00e5                att m\u00e5la. Men de hade inte alltid l\u00e4st Bibeln. De kunde                kanske inte l\u00e4sa sj\u00e4lva utan tittade p\u00e5 bilder ur                gamla b\u00f6cker ist\u00e4llet.<br \/>\nIdag kan alla l\u00e4sa. Men det \u00e4r inte alla som l\u00e4ser                Bibeln. De tror p\u00e5 vad de h\u00f6r eftersom de inte vet.<\/p>\n<p><span style=\"color: #ff0000;\"><strong> L\u00c4S SJ\u00c4LV <\/strong><\/span>Lita                inte bara p\u00e5 vad andra s\u00e4ger.<br \/>\nDet finns bara ett s\u00e4tt att ta reda p\u00e5 sanningen. Det                \u00e4r att l\u00e4sa Bibeln sj\u00e4lv.<\/p>\n<p style=\"text-align: right;\"><em><span style=\"color: #888888;\">Stanley Almqvist<br \/>\nBilder: Anders Parsmo<\/span><\/em><\/p>\n","protected":false},"excerpt":{"rendered":"<p>Popul\u00e4ra f\u00f6rest\u00e4llningar om vad som st\u00e5r i Bibeln har inte alltid st\u00f6d i texten. P\u00e5fallande ofta kommer de fr\u00e5n medeltida v\u00e4ggm\u00e5lningar i gamla kyrkor. Andra kommer fr\u00e5n tales\u00e4tt som lever sitt eget liv.<\/p>\n<p> M\u00e5nga tror att det st\u00e5r i Bibeln att&#8230; <\/p>\n<p> &#8230;Gud \u00e4r en gammal man med vitt sk\u00e4gg som sitter uppe i [&#8230;]<\/p>\n","protected":false},"author":1,"featured_media":0,"parent":385,"menu_order":9,"comment_status":"open","ping_status":"open","template":"","meta":{"footnotes":""},"class_list":["post-566","page","type-page","status-publish","hentry","odd"],"_links":{"self":[{"href":"http:\/\/kp.nu\/index.php?rest_route=\/wp\/v2\/pages\/566","targetHints":{"allow":["GET"]}}],"collection":[{"href":"http:\/\/kp.nu\/index.php?rest_route=\/wp\/v2\/pages"}],"about":[{"href":"http:\/\/kp.nu\/index.php?rest_route=\/wp\/v2\/types\/page"}],"author":[{"embeddable":true,"href":"http:\/\/kp.nu\/index.php?rest_route=\/wp\/v2\/users\/1"}],"replies":[{"embeddable":true,"href":"http:\/\/kp.nu\/index.php?rest_route=%2Fwp%2Fv2%2Fcomments&post=566"}],"version-history":[{"count":30,"href":"http:\/\/kp.nu\/index.php?rest_route=\/wp\/v2\/pages\/566\/revisions"}],"predecessor-version":[{"id":569,"href":"http:\/\/kp.nu\/index.php?rest_route=\/wp\/v2\/pages\/566\/revisions\/569"}],"up":[{"embeddable":true,"href":"http:\/\/kp.nu\/index.php?rest_route=\/wp\/v2\/pages\/385"}],"wp:attachment":[{"href":"http:\/\/kp.nu\/index.php?rest_route=%2Fwp%2Fv2%2Fmedia&parent=566"}],"curies":[{"name":"wp","href":"https:\/\/api.w.org\/{rel}","templated":true}]}}