{"id":147,"date":"2009-11-07T21:02:53","date_gmt":"2009-11-07T20:02:53","guid":{"rendered":"http:\/\/kp.nu\/wordpress\/?page_id=147"},"modified":"2010-04-09T12:29:58","modified_gmt":"2010-04-09T10:29:58","slug":"bli-medlem","status":"publish","type":"page","link":"https:\/\/kp.nu\/?page_id=147","title":{"rendered":"Bli medlem!"},"content":{"rendered":"<p>Som medlem i Kristna Publicistf\u00f6rbundet f\u00e5r du kallelse till v\u00e5ra lunchm\u00f6ten som arrangeras n\u00e5gra g\u00e5nger per termin. Du f\u00e5r regelbunden information om f\u00f6reningens verksamhet, erh\u00e5ller tidningen Via Media n\u00e4r den utges. Du har dessutom full access till hemsidan. Medlemsavgiften \u00e4r 100 kronor per \u00e5r.<\/p>\n\n<div class=\"wpcf7 no-js\" id=\"wpcf7-f810-o1\" lang=\"\" dir=\"ltr\" data-wpcf7-id=\"810\">\n<div class=\"screen-reader-response\"><p role=\"status\" aria-live=\"polite\" aria-atomic=\"true\"><\/p> <ul><\/ul><\/div>\n<form action=\"\/index.php?rest_route=%2Fwp%2Fv2%2Fpages%2F147#wpcf7-f810-o1\" method=\"post\" class=\"wpcf7-form init\" aria-label=\"Kontaktformul\u00e4r\" novalidate=\"novalidate\" data-status=\"init\">\n<fieldset class=\"hidden-fields-container\"><input type=\"hidden\" name=\"_wpcf7\" value=\"810\" \/><input type=\"hidden\" name=\"_wpcf7_version\" value=\"6.1.5\" \/><input type=\"hidden\" name=\"_wpcf7_locale\" value=\"\" \/><input type=\"hidden\" name=\"_wpcf7_unit_tag\" value=\"wpcf7-f810-o1\" \/><input type=\"hidden\" name=\"_wpcf7_container_post\" value=\"0\" \/><input type=\"hidden\" name=\"_wpcf7_posted_data_hash\" value=\"\" \/>\n<\/fieldset>\n<p><span class=\"wpcf7-form-control-wrap\" data-name=\"acceptance-216\"><span class=\"wpcf7-form-control wpcf7-acceptance\"><span class=\"wpcf7-list-item\"><input type=\"checkbox\" name=\"acceptance-216\" value=\"1\" checked=\"checked\" aria-invalid=\"false\" \/><\/span><\/span><\/span> Jag vill bli medlem i KP f\u00f6r 100 kr\/\u00e5r. (kr\u00e4vs)\n<\/p>\n<p>F\u00f6rnamn (kr\u00e4vs)\n<\/p>\n<p><span class=\"wpcf7-form-control-wrap\" data-name=\"your-name\"><input size=\"40\" maxlength=\"400\" class=\"wpcf7-form-control wpcf7-text wpcf7-validates-as-required\" aria-required=\"true\" aria-invalid=\"false\" value=\"\" type=\"text\" name=\"your-name\" \/><\/span>\n<\/p>\n<p>Efternamn (kr\u00e4vs)\n<\/p>\n<p><span class=\"wpcf7-form-control-wrap\" data-name=\"Efternamn\"><input size=\"40\" maxlength=\"400\" class=\"wpcf7-form-control wpcf7-text\" aria-invalid=\"false\" value=\"\" type=\"text\" name=\"Efternamn\" \/><\/span>\n<\/p>\n<p>Din e-post (kr\u00e4vs)\n<\/p>\n<p><span class=\"wpcf7-form-control-wrap\" data-name=\"your-email\"><input size=\"40\" maxlength=\"400\" class=\"wpcf7-form-control wpcf7-email wpcf7-validates-as-required wpcf7-text wpcf7-validates-as-email\" aria-required=\"true\" aria-invalid=\"false\" value=\"\" type=\"email\" name=\"your-email\" \/><\/span>\n<\/p>\n<p>Adress (kr\u00e4vs)\n<\/p>\n<p><span class=\"wpcf7-form-control-wrap\" data-name=\"Adress\"><input size=\"40\" maxlength=\"400\" class=\"wpcf7-form-control wpcf7-text wpcf7-validates-as-required\" aria-required=\"true\" aria-invalid=\"false\" value=\"\" type=\"text\" name=\"Adress\" \/><\/span>\n<\/p>\n<p>Postnummer och ort (kr\u00e4vs)\n<\/p>\n<p><span class=\"wpcf7-form-control-wrap\" data-name=\"Ort\"><input size=\"40\" maxlength=\"400\" class=\"wpcf7-form-control wpcf7-text wpcf7-validates-as-required\" aria-required=\"true\" aria-invalid=\"false\" value=\"\" type=\"text\" name=\"Ort\" \/><\/span>\n<\/p>\n<p>Mitt engagemang i medier och\/eller opinionsbildning:\n<\/p>\n<p><span class=\"wpcf7-form-control-wrap\" data-name=\"your-message\"><textarea cols=\"40\" rows=\"10\" maxlength=\"2000\" class=\"wpcf7-form-control wpcf7-textarea\" aria-invalid=\"false\" name=\"your-message\"><\/textarea><\/span>\n<\/p>\n<p><input class=\"wpcf7-form-control wpcf7-submit has-spinner\" type=\"submit\" value=\"Skicka\" \/>\n<\/p><p style=\"display: none !important;\" class=\"akismet-fields-container\" data-prefix=\"_wpcf7_ak_\"><label>&#916;<textarea name=\"_wpcf7_ak_hp_textarea\" cols=\"45\" rows=\"8\" maxlength=\"100\"><\/textarea><\/label><input type=\"hidden\" id=\"ak_js_1\" name=\"_wpcf7_ak_js\" value=\"233\"\/><script>document.getElementById( \"ak_js_1\" ).setAttribute( \"value\", ( new Date() ).getTime() );<\/script><\/p><div class=\"wpcf7-response-output\" aria-hidden=\"true\"><\/div>\n<\/form>\n<\/div>\n\n<p>Du kan \u00e4ven skicka e-post till info@kp.nu<\/p>\n","protected":false},"excerpt":{"rendered":"<p>Som medlem i Kristna Publicistf\u00f6rbundet f\u00e5r du kallelse till v\u00e5ra lunchm\u00f6ten som arrangeras n\u00e5gra g\u00e5nger per termin. Du f\u00e5r regelbunden information om f\u00f6reningens verksamhet, erh\u00e5ller tidningen Via Media n\u00e4r den utges. Du har dessutom full access till hemsidan. Medlemsavgiften \u00e4r 100 kronor per \u00e5r.<\/p>\n<p role=\"status\" aria-live=\"polite\" aria-atomic=\"true\">\n<p> Jag vill bli medlem i KP f\u00f6r 100 kr\/\u00e5r. (kr\u00e4vs)\n<\/p>\n<p>F\u00f6rnamn (kr\u00e4vs)\n<\/p>\n<\/p>\n<p>Efternamn (kr\u00e4vs)\n<\/p>\n<\/p>\n<p>Din e-post (kr\u00e4vs)\n<\/p>\n<\/p>\n<p>Adress (kr\u00e4vs)\n<\/p>\n<\/p>\n<p>Postnummer och ort (kr\u00e4vs)\n<\/p>\n<\/p>\n<p>Mitt engagemang i medier och\/eller opinionsbildning:\n<\/p>\n<\/p>\n<p style=\"display: none !important;\" class=\"akismet-fields-container\" data-prefix=\"_wpcf7_ak_\">&#916;document.getElementById( &#8221;ak_js_2&#8221; ).setAttribute( &#8221;value&#8221;, ( new Date() ).getTime() );<\/p>\n<p>Du kan \u00e4ven skicka e-post till info@kp.nu<\/p>\n","protected":false},"author":1,"featured_media":0,"parent":0,"menu_order":0,"comment_status":"open","ping_status":"open","template":"","meta":{"footnotes":""},"class_list":["post-147","page","type-page","status-publish","hentry","odd"],"_links":{"self":[{"href":"https:\/\/kp.nu\/index.php?rest_route=\/wp\/v2\/pages\/147","targetHints":{"allow":["GET"]}}],"collection":[{"href":"https:\/\/kp.nu\/index.php?rest_route=\/wp\/v2\/pages"}],"about":[{"href":"https:\/\/kp.nu\/index.php?rest_route=\/wp\/v2\/types\/page"}],"author":[{"embeddable":true,"href":"https:\/\/kp.nu\/index.php?rest_route=\/wp\/v2\/users\/1"}],"replies":[{"embeddable":true,"href":"https:\/\/kp.nu\/index.php?rest_route=%2Fwp%2Fv2%2Fcomments&post=147"}],"version-history":[{"count":5,"href":"https:\/\/kp.nu\/index.php?rest_route=\/wp\/v2\/pages\/147\/revisions"}],"predecessor-version":[{"id":350,"href":"https:\/\/kp.nu\/index.php?rest_route=\/wp\/v2\/pages\/147\/revisions\/350"}],"wp:attachment":[{"href":"https:\/\/kp.nu\/index.php?rest_route=%2Fwp%2Fv2%2Fmedia&parent=147"}],"curies":[{"name":"wp","href":"https:\/\/api.w.org\/{rel}","templated":true}]}}